{"id":2607,"date":"2021-06-04T20:26:23","date_gmt":"2021-06-04T20:26:23","guid":{"rendered":"https:\/\/romanhermanos.com.ec\/?post_type=product&#038;p=2607"},"modified":"2021-06-04T20:26:24","modified_gmt":"2021-06-04T20:26:24","slug":"plastigama-tapon-hembra","status":"publish","type":"product","link":"https:\/\/romanhermanos.com.ec\/?product=plastigama-tapon-hembra","title":{"rendered":"PLASTIGAMA TAP\u00d3N HEMBRA"},"content":{"rendered":"<table width=\"434\">\n<tbody>\n<tr>\n<td width=\"80\">3396<\/td>\n<td width=\"354\">PVC. PLASTIGAMA TAP\u00d3N HEMBRA 2<\/td>\n<\/tr>\n<tr>\n<td>3393<\/td>\n<td>PVC. PLASTIGAMA TAP\u00d3N HEMBRA 3<\/td>\n<\/tr>\n<tr>\n<td>3099<\/td>\n<td>PVC. PLASTIGAMA TAP\u00d3N HEMBRA 4<\/td>\n<\/tr>\n<\/tbody>\n<\/table>\n","protected":false},"excerpt":{"rendered":"<p>3396 PVC. PLASTIGAMA TAP\u00d3N HEMBRA 2 3393 PVC. PLASTIGAMA TAP\u00d3N HEMBRA 3 3099 PVC. PLASTIGAMA TAP\u00d3N HEMBRA 4<\/p>\n","protected":false},"featured_media":2608,"comment_status":"open","ping_status":"closed","template":"","meta":{"_joinchat":[]},"product_cat":[131],"product_tag":[132,134],"class_list":{"0":"post-2607","1":"product","2":"type-product","3":"status-publish","4":"has-post-thumbnail","6":"product_cat-accesorios-pvc","7":"product_tag-agua","8":"product_tag-conexion","10":"first","11":"instock","12":"shipping-taxable","13":"product-type-simple"},"_links":{"self":[{"href":"https:\/\/romanhermanos.com.ec\/index.php?rest_route=\/wp\/v2\/product\/2607","targetHints":{"allow":["GET"]}}],"collection":[{"href":"https:\/\/romanhermanos.com.ec\/index.php?rest_route=\/wp\/v2\/product"}],"about":[{"href":"https:\/\/romanhermanos.com.ec\/index.php?rest_route=\/wp\/v2\/types\/product"}],"replies":[{"embeddable":true,"href":"https:\/\/romanhermanos.com.ec\/index.php?rest_route=%2Fwp%2Fv2%2Fcomments&post=2607"}],"wp:featuredmedia":[{"embeddable":true,"href":"https:\/\/romanhermanos.com.ec\/index.php?rest_route=\/wp\/v2\/media\/2608"}],"wp:attachment":[{"href":"https:\/\/romanhermanos.com.ec\/index.php?rest_route=%2Fwp%2Fv2%2Fmedia&parent=2607"}],"wp:term":[{"taxonomy":"product_cat","embeddable":true,"href":"https:\/\/romanhermanos.com.ec\/index.php?rest_route=%2Fwp%2Fv2%2Fproduct_cat&post=2607"},{"taxonomy":"product_tag","embeddable":true,"href":"https:\/\/romanhermanos.com.ec\/index.php?rest_route=%2Fwp%2Fv2%2Fproduct_tag&post=2607"}],"curies":[{"name":"wp","href":"https:\/\/api.w.org\/{rel}","templated":true}]}}