{"id":367,"date":"2020-04-16T16:51:33","date_gmt":"2020-04-16T16:51:33","guid":{"rendered":"http:\/\/localhost:8888\/superlimpio\/?page_id=367"},"modified":"2020-06-11T14:33:04","modified_gmt":"2020-06-11T14:33:04","slug":"informacion-importante","status":"publish","type":"page","link":"https:\/\/romanhermanos.com.ec\/?page_id=367","title":{"rendered":"Preguntas Frecuentes"},"content":{"rendered":"\n\t<div id=\"gap-1092617501\" class=\"gap-element clearfix\" style=\"display:block; height:auto;\">\n\t\t\n<style scope=\"scope\">\n\n#gap-1092617501 {\n  padding-top: 78px;\n}\n<\/style>\n\t<\/div>\n\t\n\n<div class=\"row align-center\"  id=\"row-273052158\">\n\n\n\t<div class=\"col medium-4 small-12 large-4\"  >\n\t\t<div class=\"col-inner text-center\"  >\n\t\t\t\n\t\t\t\n\n\t<div class=\"img has-hover x md-x lg-x y md-y lg-y\" id=\"image_649788319\">\n\t\t\t\t\t\t\t\t<div class=\"img-inner dark\" >\n\t\t\t<img loading=\"lazy\" decoding=\"async\" width=\"400\" height=\"645\" src=\"https:\/\/romanhermanos.com.ec\/wp-content\/uploads\/2020\/06\/3800101.png\" class=\"attachment-large size-large\" alt=\"\" srcset=\"https:\/\/romanhermanos.com.ec\/wp-content\/uploads\/2020\/06\/3800101.png 400w, https:\/\/romanhermanos.com.ec\/wp-content\/uploads\/2020\/06\/3800101-248x400.png 248w\" sizes=\"auto, (max-width: 400px) 100vw, 400px\" \/>\t\t\t\t\t\t\n\t\t\t\t\t<\/div>\n\t\t\t\t\t\t\t\t\n<style scope=\"scope\">\n\n#image_649788319 {\n  width: 72%;\n}\n\n\n@media (min-width:850px) {\n\n  #image_649788319 {\n    width: 79%;\n  }\n\n}\n<\/style>\n\t<\/div>\n\t\n\n\n\t\t<\/div>\n\t<\/div>\n\n\t\n\n\t<div class=\"col medium-6 small-12 large-7\"  >\n\t\t<div class=\"col-inner\"  >\n\t\t\t\n\t\t\t\n\n<h3 class=\"accordion_title\">Pasos para pedidos en L\u00ednea<\/h3><div class=\"accordion\" rel=\"\">\n\n<div class=\"accordion-item\"><a href=\"#\" class=\"accordion-title plain\"><button class=\"toggle\"><i class=\"icon-angle-down\"><\/i><\/button><span>- Busque un producto<\/span><\/a><div class=\"accordion-inner\">\n\n<p style=\"text-align: left;\"><strong><span style=\"font-size: 90%;\">Nuestro Sitio Web cuenta con una gran cantidad de productos, esta dise\u00f1ado para servir como un catalogo para nuestros clientes.<\/span><\/strong><\/p>\n\n<\/div><\/div>\n<div class=\"accordion-item\"><a href=\"#\" class=\"accordion-title plain\"><button class=\"toggle\"><i class=\"icon-angle-down\"><\/i><\/button><span>- Pida por Whatsapp<\/span><\/a><div class=\"accordion-inner\">\n\n<p style=\"text-align: left;\"><strong><span style=\"font-size: 90%;\">Hemos implementado varios n\u00fameros de atenci\u00f3n , uno por cada una de nuestras sucursales en Sucumb\u00edos y Orellana para que usted mismo pueda elegir en que ciudad y sucursal desea comprar.<\/span><\/strong><\/p>\n\n<\/div><\/div>\n<div class=\"accordion-item\"><a href=\"#\" class=\"accordion-title plain\"><button class=\"toggle\"><i class=\"icon-angle-down\"><\/i><\/button><span>- Entrega a Domicilio<\/span><\/a><div class=\"accordion-inner\">\n\n<p style=\"text-align: left;\"><strong><span style=\"font-size: 90%;\">Nuestro personal se encargar\u00e1 de la entrega de sus productos a la direcci\u00f3n que usted proporcione, recuerde que puede enviarnos su direcci\u00f3n en tiempo real por medio de Whatsapp, de esta forma nuestro servicio ser\u00e1 mucho m\u00e1s preciso.<br \/><\/span><\/strong><\/p>\n\n<\/div><\/div>\n\n<\/div>\n\n\t\t<\/div>\n\t<\/div>\n\n\t\n\n\n<style scope=\"scope\">\n\n<\/style>\n<\/div>\n<h1>PREGUNTAS FRECUENTES<\/h1>\n<p>Es muy importante que tenga en cuenta las siguientes indicaciones para lograr un proceso de compra r\u00e1pido y seguro \ud83d\udc4c.<\/p>\n<div class=\"row align-center\"  id=\"row-554607424\">\n\n\n\t<div class=\"col medium-12 small-12 large-10\"  >\n\t\t<div class=\"col-inner text-left\"  >\n\t\t\t\n\t\t\t\n\n<div class=\"is-divider divider clearfix\" style=\"margin-top:3em;margin-bottom:3em;max-width:100%;background-color:rgb(9, 14, 29);\"><\/div>\n\n<div class=\"row row-collapse\"  id=\"row-433961675\">\n\n\n\t<div class=\"col medium-12 small-12 large-4\"  >\n\t\t<div class=\"col-inner\"  >\n\t\t\t\n\t\t\t\n\n\n\t\t<div class=\"icon-box featured-box icon-box-left text-left\"  style=\"margin:0px 0px 30px 0px;\">\n\t\t\t\t\t<div class=\"icon-box-img\" style=\"width: 60px\">\n\t\t\t\t<div class=\"icon\">\n\t\t\t\t\t<div class=\"icon-inner\" >\n\t\t\t\t\t\t<img loading=\"lazy\" decoding=\"async\" width=\"256\" height=\"256\" src=\"https:\/\/romanhermanos.com.ec\/wp-content\/uploads\/2020\/04\/shipping-icon-flatelements.png\" class=\"attachment-medium size-medium\" alt=\"\" srcset=\"https:\/\/romanhermanos.com.ec\/wp-content\/uploads\/2020\/04\/shipping-icon-flatelements.png 256w, https:\/\/romanhermanos.com.ec\/wp-content\/uploads\/2020\/04\/shipping-icon-flatelements-100x100.png 100w\" sizes=\"auto, (max-width: 256px) 100vw, 256px\" \/>\t\t\t\t\t<\/div>\n\t\t\t\t<\/div>\n\t\t\t<\/div>\n\t\t\t\t<div class=\"icon-box-text last-reset\">\n\t\t\t\t\t\t\t\t\t\n\n<h3>Envio<\/h3>\n\n\t\t<\/div>\n\t<\/div>\n\t\n\t\n\n\t\t<\/div>\n\t<\/div>\n\n\t\n\n\t<div class=\"col medium-12 small-12 large-8\"  >\n\t\t<div class=\"col-inner text-left\"  >\n\t\t\t\n\t\t\t\n\n<div class=\"accordion\" rel=\"\">\n\n<div class=\"accordion-item\"><a href=\"#\" class=\"accordion-title plain\"><button class=\"toggle\"><i class=\"icon-angle-down\"><\/i><\/button><span>\u00bfQu\u00e9 sucede si necesito modificar mi pedido?<\/span><\/a><div class=\"accordion-inner\">\n\n<p>Lorem ipsum dolor sit amet, consectetuer adipiscing elit, sed diam nonummy nibh euismod tincidunt ut laoreet dolore magna aliquam erat volutpat.<\/p>\n\n<\/div><\/div>\n<div class=\"accordion-item\"><a href=\"#\" class=\"accordion-title plain\"><button class=\"toggle\"><i class=\"icon-angle-down\"><\/i><\/button><span>\u00bfQu\u00e9 sucede si necesito cambiar mi direcci\u00f3n de env\u00edo?<\/span><\/a><div class=\"accordion-inner\">\n\n<p>Lorem ipsum dolor sit amet, consectetuer adipiscing elit, sed diam nonummy nibh euismod tincidunt ut laoreet dolore magna aliquam erat volutpat.<\/p>\n\n<\/div><\/div>\n<div class=\"accordion-item\"><a href=\"#\" class=\"accordion-title plain\"><button class=\"toggle\"><i class=\"icon-angle-down\"><\/i><\/button><span>\u00bfPuedo recibir la entrega el mismo d\u00eda?<\/span><\/a><div class=\"accordion-inner\">\n\n<p>Lorem ipsum dolor sit amet, consectetuer adipiscing elit, sed diam nonummy nibh euismod tincidunt ut laoreet dolore magna aliquam erat volutpat.<\/p>\n\n<\/div><\/div>\n\n<\/div>\n\n\t\t<\/div>\n\t<\/div>\n\n\t\n\n\n<style scope=\"scope\">\n\n<\/style>\n<\/div>\n<div class=\"is-divider divider clearfix\" style=\"margin-top:3em;margin-bottom:3em;max-width:100%;background-color:rgb(9, 14, 29);\"><\/div>\n\n<div class=\"row row-collapse\"  id=\"row-1567592153\">\n\n\n\t<div class=\"col medium-12 small-12 large-4\"  >\n\t\t<div class=\"col-inner\"  >\n\t\t\t\n\t\t\t\n\n\n\t\t<div class=\"icon-box featured-box icon-box-left text-left\"  style=\"margin:0px 0px 30px 0px;\">\n\t\t\t\t\t<div class=\"icon-box-img\" style=\"width: 60px\">\n\t\t\t\t<div class=\"icon\">\n\t\t\t\t\t<div class=\"icon-inner\" >\n\t\t\t\t\t\t<img loading=\"lazy\" decoding=\"async\" width=\"256\" height=\"256\" src=\"https:\/\/romanhermanos.com.ec\/wp-content\/uploads\/2020\/04\/payment-icon-flatelements.png\" class=\"attachment-medium size-medium\" alt=\"\" srcset=\"https:\/\/romanhermanos.com.ec\/wp-content\/uploads\/2020\/04\/payment-icon-flatelements.png 256w, https:\/\/romanhermanos.com.ec\/wp-content\/uploads\/2020\/04\/payment-icon-flatelements-100x100.png 100w\" sizes=\"auto, (max-width: 256px) 100vw, 256px\" \/>\t\t\t\t\t<\/div>\n\t\t\t\t<\/div>\n\t\t\t<\/div>\n\t\t\t\t<div class=\"icon-box-text last-reset\">\n\t\t\t\t\t\t\t\t\t\n\n<h3>Pago<\/h3>\n\n\t\t<\/div>\n\t<\/div>\n\t\n\t\n\n\t\t<\/div>\n\t<\/div>\n\n\t\n\n\t<div class=\"col medium-12 small-12 large-8\"  >\n\t\t<div class=\"col-inner text-left\"  >\n\t\t\t\n\t\t\t\n\n<div class=\"accordion\" rel=\"\">\n\n<div class=\"accordion-item\"><a href=\"#\" class=\"accordion-title plain\"><button class=\"toggle\"><i class=\"icon-angle-down\"><\/i><\/button><span>\u00bfCuales son las formas de pago?<\/span><\/a><div class=\"accordion-inner\">\n\n<p>Lorem ipsum dolor sit amet, consectetuer adipiscing elit, sed diam nonummy nibh euismod tincidunt ut laoreet dolore magna aliquam erat volutpat.<\/p>\n\n<\/div><\/div>\n\n<\/div>\n\n\t\t<\/div>\n\t<\/div>\n\n\t\n\n\n<style scope=\"scope\">\n\n<\/style>\n<\/div>\n\n\t\t<\/div>\n\t<\/div>\n\n\t\n\n\n<style scope=\"scope\">\n\n<\/style>\n<\/div>\n\n","protected":false},"excerpt":{"rendered":"<p>PREGUNTAS FRECUENTES Es muy importante que tenga en cuenta las siguientes indicaciones para lograr un proceso de compra r\u00e1pido y seguro \ud83d\udc4c.<\/p>\n","protected":false},"author":1,"featured_media":0,"parent":0,"menu_order":0,"comment_status":"closed","ping_status":"closed","template":"","meta":{"_joinchat":[],"footnotes":""},"class_list":["post-367","page","type-page","status-publish","hentry"],"_links":{"self":[{"href":"https:\/\/romanhermanos.com.ec\/index.php?rest_route=\/wp\/v2\/pages\/367","targetHints":{"allow":["GET"]}}],"collection":[{"href":"https:\/\/romanhermanos.com.ec\/index.php?rest_route=\/wp\/v2\/pages"}],"about":[{"href":"https:\/\/romanhermanos.com.ec\/index.php?rest_route=\/wp\/v2\/types\/page"}],"author":[{"embeddable":true,"href":"https:\/\/romanhermanos.com.ec\/index.php?rest_route=\/wp\/v2\/users\/1"}],"replies":[{"embeddable":true,"href":"https:\/\/romanhermanos.com.ec\/index.php?rest_route=%2Fwp%2Fv2%2Fcomments&post=367"}],"version-history":[{"count":25,"href":"https:\/\/romanhermanos.com.ec\/index.php?rest_route=\/wp\/v2\/pages\/367\/revisions"}],"predecessor-version":[{"id":795,"href":"https:\/\/romanhermanos.com.ec\/index.php?rest_route=\/wp\/v2\/pages\/367\/revisions\/795"}],"wp:attachment":[{"href":"https:\/\/romanhermanos.com.ec\/index.php?rest_route=%2Fwp%2Fv2%2Fmedia&parent=367"}],"curies":[{"name":"wp","href":"https:\/\/api.w.org\/{rel}","templated":true}]}}